{"id":47,"date":"2025-01-24T13:31:27","date_gmt":"2025-01-24T13:31:27","guid":{"rendered":"https:\/\/bitcoin-mentor.de\/?page_id=47"},"modified":"2025-01-24T13:31:27","modified_gmt":"2025-01-24T13:31:27","slug":"impressum","status":"publish","type":"page","link":"https:\/\/bitcoin-mentor.de\/?page_id=47","title":{"rendered":"Impressum"},"content":{"rendered":"<h1>Impressum<\/h1>\n<p>TG Ventures FZE LLC<br \/>\nSharjah Publishing City Free Zone<br \/>\nBusiness Center<br \/>\nUAE Sharjah<\/p>\n<p><strong>Vertreten durch:<\/strong><br \/>\n&#91;Vor- und Nachnamen der vertretungsberechtigten Personen&#93;<\/p>\n<h2>Kontakt<\/h2>\n<p>Telefon: 800 77239<br \/>\nE-Mail: mail@tgventures.ae<\/p>\n<h2>EU-Streitschlichtung<\/h2>\n<p>Die Europ&auml;ische Kommission stellt eine Plattform zur Online-Streitbeilegung (OS) bereit: <a href=\"https:\/\/ec.europa.eu\/consumers\/odr\/\" target=\"_blank\" rel=\"noopener noreferrer\">https:\/\/ec.europa.eu\/consumers\/odr\/<\/a>.<br \/> Unsere E-Mail-Adresse finden Sie oben im Impressum.<\/p>\n<h2>Verbraucher&shy;streit&shy;beilegung\/Universal&shy;schlichtungs&shy;stelle<\/h2>\n<p>Wir sind nicht bereit oder verpflichtet, an Streitbeilegungsverfahren vor einer Verbraucherschlichtungsstelle teilzunehmen.<\/p>\n<p>Quelle: <a href=\"https:\/\/www.e-recht24.de\">eRecht24<\/a><\/p>\n","protected":false},"excerpt":{"rendered":"<p>Impressum TG Ventures FZE LLC Sharjah Publishing City Free Zone Business Center UAE Sharjah Vertreten durch: &#91;Vor- und Nachnamen der vertretungsberechtigten Personen&#93; Kontakt Telefon: 800 77239 E-Mail: mail@tgventures.ae EU-Streitschlichtung Die Europ&auml;ische Kommission stellt eine Plattform zur Online-Streitbeilegung (OS) bereit: https:\/\/ec.europa.eu\/consumers\/odr\/. Unsere E-Mail-Adresse finden Sie oben im Impressum. Verbraucher&shy;streit&shy;beilegung\/Universal&shy;schlichtungs&shy;stelle Wir sind nicht bereit oder verpflichtet, an [&hellip;]<\/p>\n","protected":false},"author":1,"featured_media":0,"parent":0,"menu_order":0,"comment_status":"closed","ping_status":"closed","template":"","meta":{"footnotes":""},"class_list":["post-47","page","type-page","status-publish","hentry"],"yoast_head":"<!-- This site is optimized with the Yoast SEO plugin v27.3 - https:\/\/yoast.com\/product\/yoast-seo-wordpress\/ -->\n<title>Impressum - Bitcoin Mentor<\/title>\n<meta name=\"robots\" content=\"index, follow, max-snippet:-1, max-image-preview:large, max-video-preview:-1\" \/>\n<link rel=\"canonical\" href=\"https:\/\/bitcoin-mentor.de\/?page_id=47\" \/>\n<meta property=\"og:locale\" content=\"de_DE\" \/>\n<meta property=\"og:type\" content=\"article\" \/>\n<meta property=\"og:title\" content=\"Impressum - Bitcoin Mentor\" \/>\n<meta property=\"og:description\" content=\"Impressum TG Ventures FZE LLC Sharjah Publishing City Free Zone Business Center UAE Sharjah Vertreten durch: &#091;Vor- und Nachnamen der vertretungsberechtigten Personen&#093; Kontakt Telefon: 800 77239 E-Mail: mail@tgventures.ae EU-Streitschlichtung Die Europ&auml;ische Kommission stellt eine Plattform zur Online-Streitbeilegung (OS) bereit: https:\/\/ec.europa.eu\/consumers\/odr\/. Unsere E-Mail-Adresse finden Sie oben im Impressum. Verbraucher&shy;streit&shy;beilegung\/Universal&shy;schlichtungs&shy;stelle Wir sind nicht bereit oder verpflichtet, an [&hellip;]\" \/>\n<meta property=\"og:url\" content=\"https:\/\/bitcoin-mentor.de\/?page_id=47\" \/>\n<meta property=\"og:site_name\" content=\"Bitcoin Mentor\" \/>\n<meta name=\"twitter:card\" content=\"summary_large_image\" \/>\n<meta name=\"twitter:label1\" content=\"Gesch\u00e4tzte Lesezeit\" \/>\n\t<meta name=\"twitter:data1\" content=\"1\u00a0Minute\" \/>\n<script type=\"application\/ld+json\" class=\"yoast-schema-graph\">{\"@context\":\"https:\\\/\\\/schema.org\",\"@graph\":[{\"@type\":\"WebPage\",\"@id\":\"https:\\\/\\\/bitcoin-mentor.de\\\/?page_id=47\",\"url\":\"https:\\\/\\\/bitcoin-mentor.de\\\/?page_id=47\",\"name\":\"Impressum - Bitcoin Mentor\",\"isPartOf\":{\"@id\":\"https:\\\/\\\/bitcoin-mentor.de\\\/#website\"},\"datePublished\":\"2025-01-24T13:31:27+00:00\",\"breadcrumb\":{\"@id\":\"https:\\\/\\\/bitcoin-mentor.de\\\/?page_id=47#breadcrumb\"},\"inLanguage\":\"de\",\"potentialAction\":[{\"@type\":\"ReadAction\",\"target\":[\"https:\\\/\\\/bitcoin-mentor.de\\\/?page_id=47\"]}]},{\"@type\":\"BreadcrumbList\",\"@id\":\"https:\\\/\\\/bitcoin-mentor.de\\\/?page_id=47#breadcrumb\",\"itemListElement\":[{\"@type\":\"ListItem\",\"position\":1,\"name\":\"Home\",\"item\":\"https:\\\/\\\/bitcoin-mentor.de\\\/\"},{\"@type\":\"ListItem\",\"position\":2,\"name\":\"Impressum\"}]},{\"@type\":\"WebSite\",\"@id\":\"https:\\\/\\\/bitcoin-mentor.de\\\/#website\",\"url\":\"https:\\\/\\\/bitcoin-mentor.de\\\/\",\"name\":\"Bitcoin Mentor\",\"description\":\"Unabh\u00e4ngiger verst\u00e4ndlicher Einstieg in Bitcoin und Kryptow\u00e4hrungen.\",\"publisher\":{\"@id\":\"https:\\\/\\\/bitcoin-mentor.de\\\/#organization\"},\"potentialAction\":[{\"@type\":\"SearchAction\",\"target\":{\"@type\":\"EntryPoint\",\"urlTemplate\":\"https:\\\/\\\/bitcoin-mentor.de\\\/?s={search_term_string}\"},\"query-input\":{\"@type\":\"PropertyValueSpecification\",\"valueRequired\":true,\"valueName\":\"search_term_string\"}}],\"inLanguage\":\"de\"},{\"@type\":\"Organization\",\"@id\":\"https:\\\/\\\/bitcoin-mentor.de\\\/#organization\",\"name\":\"Bitcoin Mentor\",\"url\":\"https:\\\/\\\/bitcoin-mentor.de\\\/\",\"logo\":{\"@type\":\"ImageObject\",\"inLanguage\":\"de\",\"@id\":\"https:\\\/\\\/bitcoin-mentor.de\\\/#\\\/schema\\\/logo\\\/image\\\/\",\"url\":\"https:\\\/\\\/bitcoin-mentor.de\\\/wp-content\\\/uploads\\\/2024\\\/12\\\/bitcoin-mentor-logo.png\",\"contentUrl\":\"https:\\\/\\\/bitcoin-mentor.de\\\/wp-content\\\/uploads\\\/2024\\\/12\\\/bitcoin-mentor-logo.png\",\"width\":500,\"height\":500,\"caption\":\"Bitcoin Mentor\"},\"image\":{\"@id\":\"https:\\\/\\\/bitcoin-mentor.de\\\/#\\\/schema\\\/logo\\\/image\\\/\"}}]}<\/script>\n<!-- \/ Yoast SEO plugin. -->","yoast_head_json":{"title":"Impressum - Bitcoin Mentor","robots":{"index":"index","follow":"follow","max-snippet":"max-snippet:-1","max-image-preview":"max-image-preview:large","max-video-preview":"max-video-preview:-1"},"canonical":"https:\/\/bitcoin-mentor.de\/?page_id=47","og_locale":"de_DE","og_type":"article","og_title":"Impressum - Bitcoin Mentor","og_description":"Impressum TG Ventures FZE LLC Sharjah Publishing City Free Zone Business Center UAE Sharjah Vertreten durch: &#91;Vor- und Nachnamen der vertretungsberechtigten Personen&#93; Kontakt Telefon: 800 77239 E-Mail: mail@tgventures.ae EU-Streitschlichtung Die Europ&auml;ische Kommission stellt eine Plattform zur Online-Streitbeilegung (OS) bereit: https:\/\/ec.europa.eu\/consumers\/odr\/. Unsere E-Mail-Adresse finden Sie oben im Impressum. Verbraucher&shy;streit&shy;beilegung\/Universal&shy;schlichtungs&shy;stelle Wir sind nicht bereit oder verpflichtet, an [&hellip;]","og_url":"https:\/\/bitcoin-mentor.de\/?page_id=47","og_site_name":"Bitcoin Mentor","twitter_card":"summary_large_image","twitter_misc":{"Gesch\u00e4tzte Lesezeit":"1\u00a0Minute"},"schema":{"@context":"https:\/\/schema.org","@graph":[{"@type":"WebPage","@id":"https:\/\/bitcoin-mentor.de\/?page_id=47","url":"https:\/\/bitcoin-mentor.de\/?page_id=47","name":"Impressum - Bitcoin Mentor","isPartOf":{"@id":"https:\/\/bitcoin-mentor.de\/#website"},"datePublished":"2025-01-24T13:31:27+00:00","breadcrumb":{"@id":"https:\/\/bitcoin-mentor.de\/?page_id=47#breadcrumb"},"inLanguage":"de","potentialAction":[{"@type":"ReadAction","target":["https:\/\/bitcoin-mentor.de\/?page_id=47"]}]},{"@type":"BreadcrumbList","@id":"https:\/\/bitcoin-mentor.de\/?page_id=47#breadcrumb","itemListElement":[{"@type":"ListItem","position":1,"name":"Home","item":"https:\/\/bitcoin-mentor.de\/"},{"@type":"ListItem","position":2,"name":"Impressum"}]},{"@type":"WebSite","@id":"https:\/\/bitcoin-mentor.de\/#website","url":"https:\/\/bitcoin-mentor.de\/","name":"Bitcoin Mentor","description":"Unabh\u00e4ngiger verst\u00e4ndlicher Einstieg in Bitcoin und Kryptow\u00e4hrungen.","publisher":{"@id":"https:\/\/bitcoin-mentor.de\/#organization"},"potentialAction":[{"@type":"SearchAction","target":{"@type":"EntryPoint","urlTemplate":"https:\/\/bitcoin-mentor.de\/?s={search_term_string}"},"query-input":{"@type":"PropertyValueSpecification","valueRequired":true,"valueName":"search_term_string"}}],"inLanguage":"de"},{"@type":"Organization","@id":"https:\/\/bitcoin-mentor.de\/#organization","name":"Bitcoin Mentor","url":"https:\/\/bitcoin-mentor.de\/","logo":{"@type":"ImageObject","inLanguage":"de","@id":"https:\/\/bitcoin-mentor.de\/#\/schema\/logo\/image\/","url":"https:\/\/bitcoin-mentor.de\/wp-content\/uploads\/2024\/12\/bitcoin-mentor-logo.png","contentUrl":"https:\/\/bitcoin-mentor.de\/wp-content\/uploads\/2024\/12\/bitcoin-mentor-logo.png","width":500,"height":500,"caption":"Bitcoin Mentor"},"image":{"@id":"https:\/\/bitcoin-mentor.de\/#\/schema\/logo\/image\/"}}]}},"_links":{"self":[{"href":"https:\/\/bitcoin-mentor.de\/index.php?rest_route=\/wp\/v2\/pages\/47","targetHints":{"allow":["GET"]}}],"collection":[{"href":"https:\/\/bitcoin-mentor.de\/index.php?rest_route=\/wp\/v2\/pages"}],"about":[{"href":"https:\/\/bitcoin-mentor.de\/index.php?rest_route=\/wp\/v2\/types\/page"}],"author":[{"embeddable":true,"href":"https:\/\/bitcoin-mentor.de\/index.php?rest_route=\/wp\/v2\/users\/1"}],"replies":[{"embeddable":true,"href":"https:\/\/bitcoin-mentor.de\/index.php?rest_route=%2Fwp%2Fv2%2Fcomments&post=47"}],"version-history":[{"count":1,"href":"https:\/\/bitcoin-mentor.de\/index.php?rest_route=\/wp\/v2\/pages\/47\/revisions"}],"predecessor-version":[{"id":48,"href":"https:\/\/bitcoin-mentor.de\/index.php?rest_route=\/wp\/v2\/pages\/47\/revisions\/48"}],"wp:attachment":[{"href":"https:\/\/bitcoin-mentor.de\/index.php?rest_route=%2Fwp%2Fv2%2Fmedia&parent=47"}],"curies":[{"name":"wp","href":"https:\/\/api.w.org\/{rel}","templated":true}]}}